{"id":243,"date":"2024-09-17T20:21:33","date_gmt":"2024-09-17T18:21:33","guid":{"rendered":"https:\/\/lucatransfer.ro\/?page_id=243"},"modified":"2024-10-15T19:39:11","modified_gmt":"2024-10-15T16:39:11","slug":"termeni-si-conditii","status":"publish","type":"page","link":"https:\/\/lucatransfer.ro\/index.php\/termeni-si-conditii\/","title":{"rendered":"Termeni \u0219i Condi\u021bii"},"content":{"rendered":"<div class=\"wpb-content-wrapper\"><p>[vc_row][vc_column][vc_gallery interval=&#8221;3&#8243; images=&#8221;856,855,857&#8243; img_size=&#8221;full&#8221; css=&#8221;&#8221;][\/vc_column][\/vc_row][vc_row][vc_column][vc_column_text css=&#8221;&#8221;]<\/p>\n<h2><strong>Politic\u0103 general\u0103 de confiden\u021bialitate<\/strong><\/h2>\n<p>[\/vc_column_text][\/vc_column][\/vc_row][vc_row][vc_column][vc_empty_space][\/vc_column][\/vc_row][vc_row][vc_column][vc_column_text css=&#8221;&#8221;]<strong>POLITICA GENERAL\u0102 DE CONFIDEN\u021aIALITATE \u00een cadrul DEVIL CO \u00a0SRL cu privire la Regulamentul UE 2016\/679 privind protec\u021bia persoanelor fizice \u00een ceea ce prive\u0219te prelucrarea datelor cu caracter personal \u0219i privind libera circula\u021bie a acestor date \u0219i de abrogare a Directivei 95\/46\/CE.<\/strong><\/p>\n<p>Societatea DEVIL CO \u00a0SRL (denumit\u0103 \u00een continuare \u201eCompania\u201d sau \u201eSocietatea\u201d) se aliniaz\u0103 Regulamentului (UE) 2016\/679 al Parlamentului European \u0219i al Consiliului \u2013 privind protec\u021bia persoanelor fizice \u00een ceea ce prive\u0219te prelucrarea datelor cu caracter personal \u0219i privind libera circula\u021bie a acestor date \u0219i de abrogare a Directivei 95\/46\/CE (denumit \u00een continuare \u00een prezentul plan \u201cRegulamentul\u201d sau \u201eGDPR\u201d ) care va deveni aplicabil din data de 25 mai 2018.<\/p>\n<p>Prezenta Politic\u0103 se aplic\u0103:<\/p>\n<ul>\n<li>Sediilor \u0219i punctelor de lucru apar\u021bin\u00e2nd DEVIL CO \u00a0SRL<\/li>\n<li>Tuturor departamentelor \u0219i \u00eentregului personal apar\u021bin\u00e2nd DEVIL CO \u00a0SRL<\/li>\n<li>Tuturor contractan\u021bilor, furnizorilor \u0219i altor persoane care lucreaz\u0103 \u00een numele DEVIL CO \u00a0SRL<\/li>\n<\/ul>\n<p><strong>TERMENI REGULAMENT:<\/strong><\/p>\n<ul>\n<li><strong>Operator<\/strong>\u00a0\u2013 entitatea \u2013 \u00een cazul de fa\u021b\u0103 \u2013 DEVIL CO \u00a0SRL, sau orice alt\u0103 persoan\u0103 juridic\u0103, autoritate public\u0103, agen\u021bie sau organiza\u021bie non-guvernamental\u0103, care prelucreaz\u0103 sau stabile\u0219te scopurile \u0219i mijloacele de prelucrare a datelor cu caracter personal;<\/li>\n<li><strong>Date cu caracter personal<\/strong>\u00a0\u2013 orice informa\u021bii privind o persoan\u0103 fizic\u0103 indentificat\u0103 sau identificabil\u0103; o persoan\u0103 identificabil\u0103 este acea persoan\u0103 care poate fi identificat\u0103 \u2013 direct sau indirect, prin referire la un element de identificare: nume\/prenume, adres\u0103, cod numeric personal, e-mail, telefon, venituri, date biometrice, imaginea, adresa de IP sau prin referire la datele medicale, genetice, datele privind originea etic\u0103 sau rasial\u0103, convingeri politice, religioase, filosofice, culturale sau apartenen\u021ba sindical\u0103;<\/li>\n<li><strong>Persoana vizat\u0103<\/strong>\u00a0\u2013 orice persoan\u0103 fizic\u0103 ale c\u0103rei date cu caracter personal pot fi sau sunt prelucrate de operator;<\/li>\n<\/ul>\n<p><strong>INFORMA\u021aII GENERALE:<\/strong><\/p>\n<p><strong>DEVIL CO \u00a0SRL<\/strong>, cu sediul \u00een Carpini\u0219, \u00eenregistrat\u0103 la Oficiul Registrului Comer\u021bului de pe l\u00e2ng\u0103 Tribunalul Timi\u015foara sub nr. J1994000274358, av\u00e2nd cod fiscal RO5237440, e-mail: office@lucatransfer.ro, este responsabil\u0103 de prelucrarea datelor tale cu caracter personal pe care le colect\u0103m direct de la persoanele fizice vizate sau din alte surse legale.<\/p>\n<p>Compania noastr\u0103 \u2013\u00a0<strong>DEVIL CO \u00a0SRL<\/strong>\u00a0are calitatea de operator potrivit prevederilor noului Regulament. Pentru ca datele persoanelor fizice vizate s\u0103 fie prelucrate \u00een siguran\u021b\u0103, am depus toate eforturile s\u0103 implement\u0103m m\u0103suri rezonabile pentru a proteja informa\u021biile personale ale acestora.<\/p>\n<p>C\u00e2nd persoana fizic\u0103 vizat\u0103 intr\u0103 \u00eentr-o rela\u021bie de orice natur\u0103 cu noi, ne \u00eencredin\u021beaz\u0103 informa\u021biile sale.<\/p>\n<p><strong>Scopul<\/strong>\u00a0acestei Politici generale de confiden\u021bialitate este s\u0103 explice persoanelor fizice vizate ce date prelucr\u0103m, de ce le prelucr\u0103m \u0219i ce facem cu ele \u2013 \u00een calitatea noastr\u0103 de operator. Lu\u0103m \u00een serios confiden\u021bialitatea \u0219i nu vindem niciodat\u0103 liste sau adrese de e-mail. Fiind pe deplin con\u0219tien\u021bi de faptul c\u0103 informa\u021biile personale apar\u021bin fiec\u0103rei persoane fizice, facem tot posibilul s\u0103 le stoc\u0103m \u00een siguran\u021b\u0103 \u0219i s\u0103 le prelucr\u0103m cu aten\u021bie. Nu oferim informa\u021bii unor p\u0103r\u021bi ter\u021be f\u0103r\u0103 a informa \u00een prealabil persoanele vizate. Aceste informa\u021bii sunt importante. Sper\u0103m ca ele s\u0103 fie citite cu aten\u021bie.<\/p>\n<p>Aceast\u0103 Politic\u0103 general\u0103 de confiden\u021bialitate nu acoper\u0103 aplica\u021biile \u0219i site-urile altor ter\u021bi la care persoanele pot ajunge prin accesarea link-urilor de pe site-ul nostru. Acest lucru excede controlului nostru. \u00cencuraj\u0103m pe to\u021bi s\u0103 examineze Politica de confiden\u021bialitate de pe orice site \u0219i\/sau aplica\u021bie \u00eenainte de a furniza date personale.<\/p>\n<p>Aceast\u0103 Politic\u0103 general\u0103 de confiden\u021bialitate acoper\u0103 \u0219i procesul de recrutare \u0219i selec\u021bie a candida\u021bilor la posturile ofertate de companie (de ex. \u2013 compania ob\u021bine date cu caracter personal ca urmare a solicit\u0103rii complet\u0103rii unui formular dintr-o aplica\u021bie sau prin transmiterea unui CV \u2013 prin e-mail). Compania aduce la cuno\u0219tin\u021ba solicitan\u021bilor datele personale care le vor fi colectate, scopul \u00een care sunt colectate \u0219i cum vor fi utilizate, \u00een str\u00e2ns\u0103 leg\u0103tur\u0103 cu existen\u021ba Politicii de confiden\u021bialitate specifice recrut\u0103rii formulat\u0103 de companie (\u00een opera\u021biunea de recrutarea pe e-mail exist\u0103 un link c\u0103tre politica de confiden\u021bialitate).<\/p>\n<p>Potrivit legisla\u021biei, persoana fizic\u0103 beneficiar\u0103 a serviciilor noastre sau persoana aflat\u0103 \u00eentr-o rela\u021bie de orice fel cu noi, este o \u201epersoan\u0103 vizat\u0103\u201d, adic\u0103 o persoan\u0103 fizic\u0103 identificat\u0103 sau identificabil\u0103. Pentru a fi complet transparen\u021bi \u00een privin\u021ba prelucr\u0103rii de date \u0219i pentru a permite ca aceasta s\u0103 \u00ee\u0219i exerci\u021be cu u\u0219urin\u021b\u0103, \u00een orice moment, drepturile, am implementat m\u0103suri pentru a facilita comunicarea dintre noi, operatorul de date \u0219i persoana vizat\u0103.<\/p>\n<p><strong>ANGAJAMENTUL DEVIL CO \u00a0SRL:<\/strong><\/p>\n<p>Protec\u021bia informa\u021biilor personale ale persoanelor vizate este foarte important\u0103 pentru noi. De aceea, ne-am luat angajamentul s\u0103 respect\u0103m noul Regulament (EU) 2016\/679, legisla\u021bia na\u021bional\u0103 aplicabil\u0103 \u00een materie, dar \u0219i urm\u0103toarele principii:<\/p>\n<ul>\n<li><strong>Legalitate, echitate \u0219i transparen\u021b\u0103:<\/strong><br \/>\nPrelucr\u0103m datele cu caracter personal legal \u0219i corect. Suntem \u00eentotdeauna transparen\u021bi \u00een privin\u021ba informa\u021biilor pe care utiliz\u0103m, iar persoana vizat\u0103 este informat\u0103 corespunz\u0103tor.<\/li>\n<li><strong>Controlul apar\u021bine persoanei fizice vizate<\/strong><br \/>\n\u00cen limitele legii, oferim acesteia posibilitatea de examina, modifica, \u0219terge datele personale pe care le-a \u00eemp\u0103rt\u0103\u0219it cu noi \u0219i de a-\u0219i exercita celelalte drepturi.<\/li>\n<li><strong>Integritatea datelor \u0219i limitarea scopului:<\/strong><br \/>\nUtiliz\u0103m datele numai \u00een scopurile descrise la momentul colect\u0103rii sau \u00een noi scopuri compatibile cu cele ini\u021biale. \u00cen toate cazurile, scopurile noastre sunt compatibile cu legisla\u021bia. Lu\u0103m m\u0103suri rezonabile pentru a ne asigura c\u0103 datele personale sunt corecte, complete \u0219i actualizate.<\/li>\n<li><strong>Securitate:<\/strong><br \/>\nAm implementat m\u0103suri rezonabile de securitate \u0219i criptare, astfel \u00eenc\u00e2t s\u0103 protej\u0103m c\u00e2t mai bine informa\u021biile. Cu toate acestea, este de re\u021binut faptul c\u0103 niciun site web, nicio aplica\u021bie \u0219i nicio conexiune la internet nu este complet sigur\u0103.<\/li>\n<\/ul>\n<p><strong>\u00ceNTREB\u0102RI:<\/strong><\/p>\n<p>Dac\u0103 exist\u0103 \u00eentreb\u0103ri sau nel\u0103muriri cu privire la prelucrarea datelor persoanelor vizate sau acestea doresc s\u0103 \u00ee\u0219i exercite drepturile legale \u00een leg\u0103tur\u0103 cu datele pe care le de\u021binem sau dac\u0103 exist\u0103 temeri cu privire la modul \u00een care trat\u0103m orice problem\u0103 de confiden\u021bialitate, orice persoana vizat\u0103 interesat\u0103 ne poate scrie la adresa de e-mail: office@lucatransfer.ro.<br \/>\nPutem schimba aceast\u0103 Politic\u0103 General\u0103 de confiden\u021bialitate \u00een orice moment. Toate actualiz\u0103rile \u0219i modific\u0103rile prezentei Politici sunt valabile imediat dup\u0103 notificarea lor, pe care o vom realiza prin afi\u0219are pe site \u0219i\/sau notificare pe e-mail.<\/p>\n<p><strong>INFORMA\u021aIILE PERSOANELOR VIZATE:<\/strong><\/p>\n<p>Atunci c\u00e2nd persoanele vizate interac\u021bioneaz\u0103 \u00een orice fel cu noi este posibil s\u0103 ne furnizeze sau s\u0103 ob\u021binem din alte surse informa\u021bii precum:<\/p>\n<ul>\n<li>Nume\/Prenume<\/li>\n<li>Adresa<\/li>\n<li>V\u00e2rst\u0103<\/li>\n<li>E-mail<\/li>\n<li>Telefon<\/li>\n<li>Sexul<\/li>\n<li>Profilul de socializare<\/li>\n<li>Interesele \u0219i preferin\u021bele<\/li>\n<li>CNP-ul<\/li>\n<li>Informa\u021bii despre produsele \u0219i serviciile achizi\u021bionate<\/li>\n<li>Informa\u021bii bancare<\/li>\n<li>Fotografia<\/li>\n<li>Competen\u021be<\/li>\n<li>Studii<\/li>\n<\/ul>\n<p><strong>DE CE COLECTEAZ\u0102 DEVIL CO SRL ACESTE DATE:<\/strong><\/p>\n<p>Colect\u0103m informa\u021biile persoanelor vizate \u00een scopuri determinate \u0219i legitime care includ, dar nu se limiteaz\u0103 la acestea, urm\u0103toarele:<\/p>\n<ul>\n<li style=\"list-style-type: none;\">\n<ul>\n<li>Pentru a putea comunica cu candida\u021bii la pozi\u021biile ofertate de companie;<\/li>\n<li>Pentru a lua decizia potrivit\u0103 \u00een vederea angaj\u0103rii acestora;<\/li>\n<li>\u00cen vederea \u00eencheierii \u0219i execut\u0103rii unui contract de munc\u0103 potrivit specializ\u0103rii\/calific\u0103rii candida\u021bilor;<\/li>\n<li>\u00cen vederea \u00eencheierii sau execut\u0103rii\/modific\u0103rii unui contract dintre persoanele vizate \u0219i companie;<\/li>\n<li>Pentru a r\u0103spunde la \u00eentreb\u0103rile \u0219i solicit\u0103rile persoanelor vizate;<\/li>\n<li>\u00cen scop de marketing, \u00eens\u0103 doar \u00een situa\u021bia \u00een care avem consim\u021b\u0103m\u00e2ntul prealabil al persoanei vizate;<\/li>\n<li>Pentru a oferi \u0219i \u00eembun\u0103t\u0103\u021bi serviciile \u0219i produsele pe care le ofer\u0103 compania;<\/li>\n<li>Pentru a diagnostica sau a remedia probleme tehnice;<\/li>\n<li>Pentru a oferi reclam\u0103 \u0219i con\u021binut personalizat;<\/li>\n<li>Pentru a ap\u0103ra compania \u00eempotriva atacurilor cibernetice;<\/li>\n<li>Pentru crearea \u0219i\/sau mentenan\u021ba conturilor;<\/li>\n<li>Pentru a conforma compania legisla\u021biei;<\/li>\n<li>Pentru constatarea sau revendicarea unui drept \u00een instan\u021b\u0103;<\/li>\n<\/ul>\n<\/li>\n<\/ul>\n<p><strong>CARE ESTE TEMEIUL LEGAL PENTRU PRELUCRARE:<\/strong><\/p>\n<ol>\n<li><strong>Persoana vizat\u0103 si-a dat consim\u021b\u0103m\u00e2ntul pentru prelucrarea datelor cu caracter personal:<\/strong>Este de re\u021binut c\u0103 persoana vizata \u00ee\u0219i poate retrage \u00een orice moment consim\u021b\u0103m\u00e2ntul prin urmarea instruc\u021biunilor de dezabonare (\u201eunsubscribe\u201d) din fiecare e-mail sau prin transmiterea unei cereri scrise la adresa de e-mail: office@lucatransfer.ro<\/li>\n<li><strong>Prelucrarea este necesar\u0103 pentru \u00eencheierea sau executarea unui contract \u00eentre persoana vizata \u0219i companie:<\/strong>Contract de v\u00e2nzare-cump\u0103rare<\/li>\n<li><strong>Prelucrarea este necesar\u0103 \u00een vederea \u00eendeplinirii unei obliga\u021bii legale a organiza\u021biei\u00a0<\/strong>Completarea facturii fiscal.<\/li>\n<\/ol>\n<p><strong>STOCAREA DATELOR \u00ceN CADRUL DEVIL CO \u00a0SRL<\/strong><\/p>\n<p>Stoc\u0103m datele cu caracter personal doar pe perioada necesar\u0103 \u00eendeplinirii scopurilor, dar nu mai mult de 10 ani de la \u00eencetarea contractului sau ultima interac\u021biune a persoanei fizice vizate cu compania. Dup\u0103 \u00eencheierea perioadei, datele cu caracter personal ale persoanelor vizate vor fi distruse sau \u0219terse din sistemele informatice sau transformate \u00een date anonime pentru a fi utilizate \u00een scopuri de cercetare \u0219tiin\u021bific\u0103, istoric\u0103 sau statistic\u0103.<\/p>\n<p>Este de re\u021binut faptul c\u0103 \u00een anumite situa\u021bii expres reglementate, stoc\u0103m datele pe perioada care ne este impus\u0103 de lege.<\/p>\n<p><strong>PARTAJAREA INFORMA\u021aIILOR TALE CU TER\u021aE PERSOANE:<\/strong><\/p>\n<p><strong>DEVIL CO \u00a0SRL<\/strong>\u00a0nu va dezv\u0103lui datele ob\u021binute de la persoane vizate, c\u0103tre alte companii ter\u021be f\u0103r\u0103 s\u0103 fi ob\u021binut \u00een prealabil un consim\u021b\u0103m\u00e2nt expres \u0219i separat \u00een acest sens.<br \/>\nCompania confirm\u0103, c\u0103 datele cu caracter personal ob\u021binute sunt stocate \u00een mod securizat sau sunt distruse, sens \u00een care inform\u0103m peroanele vizate c\u0103 exist\u0103 acorduri de prelucrare a datelor cu furnizorul\/furnizorii de software prin care ace\u0219tia au asigurat la r\u00e2ndul lor compania c\u0103 sunt conformi cu GDPR.<\/p>\n<p><strong>DEVIL CO \u00a0SRL<\/strong>\u00a0poate dezv\u0103lui datele persoanelor fizice vizate, respect\u00e2nd legea aplicabil\u0103, partenerilor de afaceri sau altor ter\u021bi, cum ar fi proprii \u00eemputernici\u021bi.<\/p>\n<p>Depunem \u00een permanen\u021b\u0103 eforturi rezonabile pentru a ne asigura c\u0103 ace\u0219ti ter\u021bi au implementate m\u0103suri adecvate de protec\u021bie \u0219i securitate. Cu ace\u0219ti ter\u021bi avem clauze contractuale astfel \u00eenc\u00e2t datele tale s\u0103 fie protejate. Vom informa persoanele vizate de fiecare data cu privire la identitatea acestor companii \u00eenainte de transmitere sau \u00eentr-un termen rezonabil \u0219i ne vom asigura c\u0103 orice transfer este legitim, av\u00e2nd la baz\u0103 consim\u021b\u0103m\u00e2ntul acestora sau alt temei juridic.<\/p>\n<p>De exemplu, am putea furniza datele cu caracter personal c\u0103tre alte companii, precum furnizorii de servicii IT sau telecomunica\u021bii, contabilitate, servicii juridice \u0219i al\u021bi ter\u021bi cu care avem o rela\u021bie contractual\u0103. Ace\u0219ti ter\u021bi sunt selecta\u021bi cu o grij\u0103 deosebit\u0103 astfel \u00eenc\u00e2t aceste date s\u0103 fie prelucrate doar \u00een scopurile pe care noi le indic\u0103m.<\/p>\n<p>De asemenea, compania ar putea partaja datele persoanelor fizice vizate c\u0103tre parteneri de afaceri ca urmare a unui efort comun de a oferi un produs sau un serviciu.<\/p>\n<p>De\u0219i pu\u021bin probabil, compania ar putea vinde \u00een viitor afacerea sau o parte a afacerii, situa\u021bie care va include transferul acestor date.<\/p>\n<p>Ar putea si transmise datele \u0219i altor p\u0103r\u0163i av\u00e2nd consim\u0163\u0103m\u00e2ntul sau potrivit instruc\u0163iunilor persoanei fizice vizate.<\/p>\n<p>Informa\u021biile cu caracter personal vor putea fi furnizate \u0219i c\u0103tre parchet, poli\u021bie, instan\u021bele judec\u0103tore\u0219ti \u0219i alte organe abilitate ale statului, \u00een baza \u0219i \u00een limitele prevederilor legale \u0219i ca urmare a unor cereri expres formulate.<\/p>\n<p>\u00cen limite rezonabile, compania se va sigura c\u0103 datele persoanelor vizate nu p\u0103r\u0103sesc Spa\u021biul Economic European, \u00eens\u0103, \u00een m\u0103sura \u00een care va transfera date c\u0103tre state din afara SEE, va urm\u0103ri, \u00een toate cazurile, ca transferurile s\u0103 fie legitime, av\u00e2nd la baza consim\u021b\u0103m\u00e2ntul explicit al persoanei vizate sau alt temei legal.<\/p>\n<p><strong>DREPTURILE PERSOANEI VIZATE \u00ceN LUMINA NOULUI REGULAMENT:<\/strong><\/p>\n<ul>\n<li style=\"list-style-type: none;\">\n<ul>\n<li>Dreptul de retragere a consim\u021b\u0103m\u00e2ntului acolo unde prelucrarea se face \u00een baza consim\u021b\u0103m\u00e2ntului;<\/li>\n<li>Dreptul de a fi informat\u0103 cu privire la prelucrarea datelor tale;<\/li>\n<li>Dreptul de acces asupra datelor;<\/li>\n<li>Dreptul de a rectifica datele inexacte sau incomplete;<\/li>\n<li>Dreptul de \u0219tergere (\u201edreptul de a fi uitat\u201d);<\/li>\n<li>Dreptul la restric\u021bionarea prelucr\u0103rii<\/li>\n<li>Dreptul de a transmite datele pe care le avem despre persoana vizat\u0103 c\u0103tre alt operator<\/li>\n<li>Dreptul de a se opune prelucr\u0103rii datelor<\/li>\n<li>Dreptul de a nu face obiectul unei decizii bazate exclusiv pe prelucrarea automat\u0103, inclusiv crearea de profiluri<\/li>\n<li>Dreptul de a se adresa justi\u021biei<\/li>\n<li>Dreptul de formula o pl\u00e2ngere \u00een fa\u021ba Autorit\u0103\u021bii de Supraveghere.<\/li>\n<\/ul>\n<\/li>\n<\/ul>\n<p><strong>DEVIL CO \u00a0SRL aduce la cuno\u0219tin\u021ba oric\u0103rei persoane fizice vizate faptul c\u0103:<\/strong><\/p>\n<ul>\n<li style=\"list-style-type: none;\">\n<ul>\n<li>\u00ce\u0219i poate retrage consim\u021b\u0103m\u00e2ntul privind prelucrarea datelor cu caracter sensibil sau\/si pentru marketing direct \u00een orice moment prin urmarea instruc\u021biunilor de dezabonare din fiecare e-mail\/sms sau alt mesaj electronic.<\/li>\n<li>Dac\u0103 dore\u0219te s\u0103 \u00ee\u0219i exercite drepturile, o poate face prin transmiterea unei cereri scrise, semnate \u0219i datate la adresa de e-mail office@lucatransfer.ro<\/li>\n<li>Drepturile enumerate mai sus nu sunt absolute. Exist\u0103 si excep\u021bii, de aceea fiecare cerere primit\u0103 va fi analizat\u0103 astfel \u00eenc\u00e2t s\u0103 se poate decide dac\u0103 aceasta este \u00eentemeiat\u0103 sau nu. \u00cen m\u0103sura \u00een care cererea este \u00eentemeiat\u0103, compania va facilita exercitarea drepturilor. Dac\u0103 cererea este ne\u00eentemeiat\u0103, o va respinge, \u00eens\u0103 va informa persoanele vizate asupra motivelor refuzului \u0219i asupra drepturilor acestora de a depune o pl\u00e2ngere la Autoritatea de Supraveghere \u0219i de a se adresa justi\u021biei.<\/li>\n<li>Compania va \u00eencerca s\u0103 r\u0103spund\u0103 solicit\u0103rii acesteia \u00een termen de 30 de zile. Cu toate acestea, termenul poate fi prelungit \u00een func\u021bie de diferite aspecte, precum complexitatea cererii, num\u0103rul mare de cereri primite sau imposibilitatea de a te identifica \u00eentr-un termen util.<\/li>\n<li>Dac\u0103, de\u0219i depune toate eforturile, compania nu reu\u0219e\u0219te s\u0103 identifice persoana vizat\u0103, iar aceasta nu \u00eei furnizeaz\u0103 informa\u021bii suplimentare pentru a reu\u0219i s\u0103 o identifice, compania nu va fi obligat\u0103 s\u0103 dea curs solicit\u0103rii.<\/li>\n<\/ul>\n<\/li>\n<\/ul>\n<p><strong>SOLICIT\u0102RI \u0218I EXERCITAREA DREPTURILOR:<\/strong><\/p>\n<p>Dac\u0103 exist\u0103 \u00eentreb\u0103ri sau nel\u0103muriri cu privire la prelucrarea informa\u021biilor persoanei fizice vizate sau aceasta dore\u0219te s\u0103 \u00ee\u0219i exercite drepturile legale sau are orice alt\u0103 temere cu privire la confiden\u021bialitate, ne poate scrie la adresa de e-mail office@lucatransfer.ro.<\/p>\n<p>De asemenea, datele de contact ale persoanei care prelucreaz\u0103 datele personale ale angaja\u021bilor \u00een cadrul\u00a0<strong>DEVIL CO \u00a0SRL<\/strong> sunt: office@lucatransfer.ro.[\/vc_column_text][\/vc_column][\/vc_row][vc_row][vc_column][vc_empty_space][\/vc_column][\/vc_row][vc_row][vc_column][vc_column_text css=&#8221;&#8221;]<\/p>\n<h2>Termeni si Conditii &#8211; alte detalii<\/h2>\n<p>[\/vc_column_text][\/vc_column][\/vc_row][vc_row][vc_column][vc_empty_space][\/vc_column][\/vc_row][vc_row][vc_column][vc_column_text css=&#8221;&#8221;]<\/p>\n<ul>\n<li>m\u0103surile ANPC de informare a consumatorilor cu privire la solu\u021bionarea alternativ\u0103 a litigiilor (informa\u021bii disponibile\u00a0<a href=\"https:\/\/legislatie.just.ro\/Public\/DetaliiDocument\/257649?fs=e&amp;s=cl\" target=\"_blank\" rel=\"noopener\"><strong><em>aici<\/em><\/strong><\/a>\u00a0\u0219i\u00a0<a href=\"https:\/\/anpc.ro\/noi-reglementari-de-la-anpc-in-ceea-ce-priveste-procedurile-de-solutionaare-alternativa-a-litigiilor-si-insolventa-a-persoanelor-fizice\/\" target=\"_blank\" rel=\"noopener\"><strong><em>aici<\/em><\/strong><\/a>)<\/li>\n<li>modalitatile de plata pentru serviciile de transport persoane la\/ de la aeroport sunt urmatoarele:\n<ul>\n<li>Plata cash<\/li>\n<li>Ordin de Plata &#8211; folosind contul bancar<\/li>\n<li>Plata online, folosing serviciile Netopia<\/li>\n<\/ul>\n<\/li>\n<li>serviciile oferite de <a href=\"https:\/\/LucaTransfer.ro\" target=\"_blank\" rel=\"noopener\">LucaTransfer.ro<\/a>, prin SC Devil CO SRL, constau in transportarea clientilor nostri la \/ de la aeroport, conform rezervarilor efectuate. Detaliile privind livrarea serviciile (transportului) sunt stabilite de comun acord intre personalul Devil CO SRL si clientii site-ului LucaTransfer.ro<\/li>\n<li>politic\u0103 de returnare\/anulare\/modificare:\n<ul>\n<li>in cazul anularii sau al modificarii, suma achitat\u0103 este returnat\u0103 integral doar dac\u0103 acest aspect este comunicat cu minim 24 de ore \u00eenaintea primului transfer<\/li>\n<li>in cazul pierderii zborului din vina pasagerului solicitant, suma achitat\u0103 nu se restituie.<\/li>\n<\/ul>\n<\/li>\n<\/ul>\n<p>[\/vc_column_text][\/vc_column][\/vc_row][vc_row][vc_column][vc_empty_space][\/vc_column][\/vc_row][vc_row][vc_column][vc_empty_space][\/vc_column][\/vc_row]<\/p>\n<\/div>","protected":false},"excerpt":{"rendered":"<p>[vc_row][vc_column][vc_gallery interval=&#8221;3&#8243; images=&#8221;856,855,857&#8243; img_size=&#8221;full&#8221; css=&#8221;&#8221;][\/vc_column][\/vc_row][vc_row][vc_column][vc_column_text css=&#8221;&#8221;] Politic\u0103 general\u0103 de confiden\u021bialitate [\/vc_column_text][\/vc_column][\/vc_row][vc_row][vc_column][vc_empty_space][\/vc_column][\/vc_row][vc_row][vc_column][vc_column_text css=&#8221;&#8221;]POLITICA GENERAL\u0102 DE CONFIDEN\u021aIALITATE \u00een cadrul DEVIL CO \u00a0SRL cu privire la Regulamentul UE 2016\/679 privind protec\u021bia persoanelor fizice \u00een ceea ce prive\u0219te prelucrarea datelor cu caracter personal \u0219i privind libera circula\u021bie a acestor&#8230;<\/p>\n","protected":false},"author":3,"featured_media":0,"parent":0,"menu_order":0,"comment_status":"closed","ping_status":"closed","template":"","meta":{"footnotes":""},"class_list":["post-243","page","type-page","status-publish","hentry"],"_links":{"self":[{"href":"https:\/\/lucatransfer.ro\/index.php\/wp-json\/wp\/v2\/pages\/243","targetHints":{"allow":["GET"]}}],"collection":[{"href":"https:\/\/lucatransfer.ro\/index.php\/wp-json\/wp\/v2\/pages"}],"about":[{"href":"https:\/\/lucatransfer.ro\/index.php\/wp-json\/wp\/v2\/types\/page"}],"author":[{"embeddable":true,"href":"https:\/\/lucatransfer.ro\/index.php\/wp-json\/wp\/v2\/users\/3"}],"replies":[{"embeddable":true,"href":"https:\/\/lucatransfer.ro\/index.php\/wp-json\/wp\/v2\/comments?post=243"}],"version-history":[{"count":26,"href":"https:\/\/lucatransfer.ro\/index.php\/wp-json\/wp\/v2\/pages\/243\/revisions"}],"predecessor-version":[{"id":861,"href":"https:\/\/lucatransfer.ro\/index.php\/wp-json\/wp\/v2\/pages\/243\/revisions\/861"}],"wp:attachment":[{"href":"https:\/\/lucatransfer.ro\/index.php\/wp-json\/wp\/v2\/media?parent=243"}],"curies":[{"name":"wp","href":"https:\/\/api.w.org\/{rel}","templated":true}]}}